{"id":2,"date":"2019-05-06T14:15:16","date_gmt":"2019-05-06T12:15:16","guid":{"rendered":"https:\/\/www.elvivo.de\/?page_id=2"},"modified":"2019-05-07T22:33:31","modified_gmt":"2019-05-07T20:33:31","slug":"beispiel-seite","status":"publish","type":"page","link":"https:\/\/www.elvivo.de\/?page_id=2","title":{"rendered":"Beispiel-Seite"},"content":{"rendered":"\n<p>Dies ist eine Beispiel-Seite. Sie unterscheidet sich von Beitr\u00e4gen, da sie stets an derselben Stelle bleibt und (bei den meisten Themes) in der Website-Navigation angezeigt wird. Die meisten starten mit einem Impressum, der Datenschutzerkl\u00e4rung oder einer \u201e\u00dcber uns\u201c-Seite, um sich m\u00f6glichen Besucher der Website vorzustellen. Dort k\u00f6nnte zum Beispiel stehen:<\/p>\n\n\n\n<p>Da sich der Wechselkurs des Argentinischen Pesos st\u00fcndlich \u00e4ndert, ist f\u00fcr die Reise im M\u00e4rz\/April 2019 der ungef\u00e4hre Kurs von Anfang April von ca 1 Euro = 50 Pesos angesetzt worden.<\/p>\n\n\n\n<p>Seit 1980 habe ich wahrscheinlich mehr als 5 W\u00e4hrungen gesehen und einen Wertverlust eines alten 50 Peso-Scheines um ca. 100.000 % erlebt.<\/p>\n","protected":false},"excerpt":{"rendered":"<p>Dies ist eine Beispiel-Seite. Sie unterscheidet sich von Beitr\u00e4gen, da sie stets an derselben Stelle bleibt und (bei den meisten Themes) in der Website-Navigation angezeigt wird. Die meisten starten mit einem Impressum, der Datenschutzerkl\u00e4rung oder einer \u201e\u00dcber uns\u201c-Seite, um sich m\u00f6glichen Besucher der Website vorzustellen. Dort k\u00f6nnte zum Beispiel stehen: Da sich der Wechselkurs des [&hellip;]<\/p>\n","protected":false},"author":1,"featured_media":0,"parent":0,"menu_order":0,"comment_status":"closed","ping_status":"open","template":"","meta":[],"_links":{"self":[{"href":"https:\/\/www.elvivo.de\/index.php?rest_route=\/wp\/v2\/pages\/2"}],"collection":[{"href":"https:\/\/www.elvivo.de\/index.php?rest_route=\/wp\/v2\/pages"}],"about":[{"href":"https:\/\/www.elvivo.de\/index.php?rest_route=\/wp\/v2\/types\/page"}],"author":[{"embeddable":true,"href":"https:\/\/www.elvivo.de\/index.php?rest_route=\/wp\/v2\/users\/1"}],"replies":[{"embeddable":true,"href":"https:\/\/www.elvivo.de\/index.php?rest_route=%2Fwp%2Fv2%2Fcomments&post=2"}],"version-history":[{"count":2,"href":"https:\/\/www.elvivo.de\/index.php?rest_route=\/wp\/v2\/pages\/2\/revisions"}],"predecessor-version":[{"id":89,"href":"https:\/\/www.elvivo.de\/index.php?rest_route=\/wp\/v2\/pages\/2\/revisions\/89"}],"wp:attachment":[{"href":"https:\/\/www.elvivo.de\/index.php?rest_route=%2Fwp%2Fv2%2Fmedia&parent=2"}],"curies":[{"name":"wp","href":"https:\/\/api.w.org\/{rel}","templated":true}]}}